{"id":43,"date":"2024-04-11T07:59:05","date_gmt":"2024-04-11T07:59:05","guid":{"rendered":"https:\/\/trautwein-tessa.web.kslinz.at\/trautweint2024\/?page_id=43"},"modified":"2024-05-18T17:14:16","modified_gmt":"2024-05-18T17:14:16","slug":"impressum","status":"publish","type":"page","link":"https:\/\/trautwein-tessa.web.kslinz.at\/trautweint2024\/index.php\/impressum\/","title":{"rendered":"Impressum &amp; Datenschutzerkl\u00e4rung"},"content":{"rendered":"\n<p>Stand: 18. Mai 2024<\/p>\n\n\n\n<p>Inhalts\u00fcbersicht Verantwortlicher\u00dcbersicht der VerarbeitungenMa\u00dfgebliche RechtsgrundlagenPlug-ins und eingebettete Funktionen sowie InhalteVerantwortlicher<\/p>\n\n\n\n<p>Tessa Trautwein<br>Im Feld 34, 4644 Scharnstein<\/p>\n\n\n\n<p>E-Mail-Adresse: tessa.trautwein@outlook.com \u00dcbersicht der Verarbeitungen<\/p>\n\n\n\n<p>Die nachfolgende \u00dcbersicht fasst die Arten der verarbeiteten Daten und die Zwecke ihrer Verarbeitung zusammen und verweist auf die betroffenen Personen.<\/p>\n\n\n\n<p>Arten der verarbeiteten Daten Besch\u00e4ftigtendaten.Nutzungsdaten.Meta-, Kommunikations- und Verfahrensdaten.Kategorien betroffener PersonenBesch\u00e4ftigte.Nutzer.Zwecke der VerarbeitungBereitstellung unseres Onlineangebotes und Nutzerfreundlichkeit.Begr\u00fcndung und Durchf\u00fchrung von Besch\u00e4ftigungsverh\u00e4ltnissen.Gesch\u00e4ftsprozesse und betriebswirtschaftliche Verfahren.Ma\u00dfgebliche Rechtsgrundlagen<\/p>\n\n\n\n<p>Ma\u00dfgebliche Rechtsgrundlagen nach der DSGVO: Im Folgenden erhalten Sie eine \u00dcbersicht der Rechtsgrundlagen der DSGVO, auf deren Basis wir personenbezogene Daten verarbeiten. Bitte nehmen Sie zur Kenntnis, dass neben den Regelungen der DSGVO nationale Datenschutzvorgaben in Ihrem bzw. unserem Wohn- oder Sitzland gelten k\u00f6nnen. Sollten ferner im Einzelfall speziellere Rechtsgrundlagen ma\u00dfgeblich sein, teilen wir Ihnen diese in der Datenschutzerkl\u00e4rung mit.<\/p>\n\n\n\n<p>Einwilligung (Art. 6 Abs. 1 S. 1 lit. a) DSGVO) &#8211; Die betroffene Person hat ihre Einwilligung in die Verarbeitung der sie betreffenden personenbezogenen Daten f\u00fcr einen spezifischen Zweck oder mehrere bestimmte Zwecke gegeben.Vertragserf\u00fcllung und vorvertragliche Anfragen (Art. 6 Abs. 1 S. 1 lit. b) DSGVO) &#8211; Die Verarbeitung ist f\u00fcr die Erf\u00fcllung eines Vertrags, dessen Vertragspartei die betroffene Person ist, oder zur Durchf\u00fchrung vorvertraglicher Ma\u00dfnahmen erforderlich, die auf Anfrage der betroffenen Person erfolgen.Rechtliche Verpflichtung (Art. 6 Abs. 1 S. 1 lit. c) DSGVO) &#8211; Die Verarbeitung ist zur Erf\u00fcllung einer rechtlichen Verpflichtung erforderlich, der der Verantwortliche unterliegt.Berechtigte Interessen (Art. 6 Abs. 1 S. 1 lit. f) DSGVO) &#8211; die Verarbeitung ist zur Wahrung der berechtigten Interessen des Verantwortlichen oder eines Dritten notwendig, vorausgesetzt, dass die Interessen, Grundrechte und Grundfreiheiten der betroffenen Person, die den Schutz personenbezogener Daten verlangen, nicht \u00fcberwiegen.Verarbeitung besonderer Kategorien personenbezogener Daten in Bezug auf Gesundheitswesen, Beruf und soziale Sicherheit (Art. 9 Abs. 2 lit. h) DSGVO) &#8211; Die Verarbeitung ist f\u00fcr Zwecke der Gesundheitsvorsorge oder der Arbeitsmedizin, f\u00fcr die Beurteilung der Arbeitsf\u00e4higkeit des Besch\u00e4ftigten, f\u00fcr die medizinische Diagnostik, die Versorgung oder Behandlung im Gesundheits- oder Sozialbereich oder f\u00fcr die Verwaltung von Systemen und Diensten im Gesundheits- oder Sozialbereich auf der Grundlage des Unionsrechts oder des Rechts eines Mitgliedstaats oder aufgrund eines Vertrags mit einem Angeh\u00f6rigen eines Gesundheitsberufs erforderlich.<\/p>\n\n\n\n<p>Nationale Datenschutzregelungen in \u00d6sterreich: Zus\u00e4tzlich zu den Datenschutzregelungen der DSGVO gelten nationale Regelungen zum Datenschutz in \u00d6sterreich. Hierzu geh\u00f6rt insbesondere das Bundesgesetz zum Schutz nat\u00fcrlicher Personen bei der Verarbeitung personenbezogener Daten (Datenschutzgesetz \u2013 DSG). Das Datenschutzgesetz enth\u00e4lt insbesondere Spezialregelungen zum Recht auf Auskunft, zum Recht auf Richtigstellung oder L\u00f6schung, zur Verarbeitung besonderer Kategorien personenbezogener Daten, zur Verarbeitung f\u00fcr andere Zwecke und zur \u00dcbermittlung sowie zur automatisierten Entscheidungsfindung im Einzelfall.<\/p>\n\n\n\n<p>Hinweis auf Geltung DSGVO und Schweizer DSG: Diese Datenschutzhinweise dienen sowohl der Informationserteilung nach dem Schweizer DSG als auch nach der Datenschutzgrundverordnung (DSGVO). Aus diesem Grund bitten wir Sie zu beachten, dass aufgrund der breiteren r\u00e4umlichen Anwendung und Verst\u00e4ndlichkeit die Begriffe der DSGVO verwendet werden. Insbesondere statt der im Schweizer DSG verwendeten Begriffe \u201eBearbeitung&#8221; von \u201ePersonendaten&#8221;, &#8220;\u00fcberwiegendes Interesse&#8221; und &#8220;besonders sch\u00fctzenswerte Personendaten&#8221; werden die in der DSGVO verwendeten Begriffe \u201eVerarbeitung&#8221; von \u201epersonenbezogenen Daten&#8221; sowie &#8220;berechtigtes Interesse&#8221; und &#8220;besondere Kategorien von Daten&#8221; verwendet. Die gesetzliche Bedeutung der Begriffe wird jedoch im Rahmen der Geltung des Schweizer DSG weiterhin nach dem Schweizer DSG bestimmt.<\/p>\n\n\n\n<p>Plug-ins und eingebettete Funktionen sowie Inhalte<\/p>\n\n\n\n<p>Wir binden Funktions- und Inhaltselemente in unser Onlineangebot ein, die von den Servern ihrer jeweiligen Anbieter (nachfolgend als \u201eDrittanbieter&#8221; bezeichnet) bezogen werden. Dabei kann es sich zum Beispiel um Grafiken, Videos oder Stadtpl\u00e4ne handeln (nachfolgend einheitlich als \u201eInhalte&#8221; bezeichnet).<\/p>\n\n\n\n<p>Die Einbindung setzt immer voraus, dass die Drittanbieter dieser Inhalte die IP-Adresse der Nutzer verarbeiten, da sie ohne IP-Adresse die Inhalte nicht an deren Browser senden k\u00f6nnten. Die IP-Adresse ist damit f\u00fcr die Darstellung dieser Inhalte oder Funktionen erforderlich. Wir bem\u00fchen uns, nur solche Inhalte zu verwenden, deren jeweilige Anbieter die IP-Adresse lediglich zur Auslieferung der Inhalte anzuwenden. Drittanbieter k\u00f6nnen ferner sogenannte Pixel-Tags (unsichtbare Grafiken, auch als \u201eWeb Beacons&#8221; bezeichnet) f\u00fcr statistische oder Marketingzwecke einsetzen. Durch die \u201ePixel-Tags&#8221; k\u00f6nnen Informationen, wie etwa der Besucherverkehr auf den Seiten dieser Website, ausgewertet werden. Die pseudonymen Informationen k\u00f6nnen dar\u00fcber hinaus in Cookies auf dem Ger\u00e4t der Nutzer gespeichert werden und unter anderem technische Ausk\u00fcnfte zum Browser und zum Betriebssystem, zu verweisenden Websites, zur Besuchszeit sowie weitere Angaben zur Nutzung unseres Onlineangebots enthalten, aber auch mit solchen Informationen aus anderen Quellen verbunden werden.<\/p>\n\n\n\n<p>Hinweise zu Rechtsgrundlagen: Sofern wir die Nutzer um ihre Einwilligung in den Einsatz der Drittanbieter bitten, stellt die Rechtsgrundlage der Datenverarbeitung die Erlaubnis dar. Ansonsten werden die Nutzerdaten auf Grundlage unserer berechtigten Interessen (d. h. Interesse an effizienten, wirtschaftlichen und empf\u00e4ngerfreundlichen Leistungen) verarbeitet. In diesem Zusammenhang m\u00f6chten wir Sie auch auf die Informationen zur Verwendung von Cookies in dieser Datenschutzerkl\u00e4rung hinweisen.<\/p>\n\n\n\n<p>Verarbeitete Datenarten: Nutzungsdaten (z. B. Seitenaufrufe und Verweildauer, Klickpfade, Nutzungsintensit\u00e4t und -frequenz, verwendete Ger\u00e4tetypen und Betriebssysteme, Interaktionen mit Inhalten und Funktionen). Meta-, Kommunikations- und Verfahrensdaten (z. B. IP-Adressen, Zeitangaben, Identifikationsnummern, beteiligte Personen).Betroffene Personen: Nutzer (z.&nbsp;B. Webseitenbesucher, Nutzer von Onlinediensten).Zwecke der Verarbeitung: Bereitstellung unseres Onlineangebotes und Nutzerfreundlichkeit.Aufbewahrung und L\u00f6schung: L\u00f6schung entsprechend Angaben im Abschnitt &#8220;Allgemeine Informationen zur Datenspeicherung und L\u00f6schung&#8221;. Speicherung von Cookies von bis zu 2 Jahren (Sofern nicht anders angegeben, k\u00f6nnen Cookies und \u00e4hnliche Speichermethoden f\u00fcr einen Zeitraum von zwei Jahren auf den Ger\u00e4ten der Nutzer gespeichert werden.).Rechtsgrundlagen: Einwilligung (Art. 6 Abs. 1 S. 1 lit. a) DSGVO). Berechtigte Interessen (Art. 6 Abs. 1 S. 1 lit. f) DSGVO).<\/p>\n\n\n\n<p>Weitere Hinweise zu Verarbeitungsprozessen, Verfahren und Diensten:<\/p>\n\n\n\n<p>Google Fonts (Bereitstellung auf eigenem Server): Bereitstellung von Schriftarten-Dateien zwecks einer nutzerfreundlichen Darstellung unseres Onlineangebotes; Dienstanbieter: Die Google Fonts werden auf unserem Server gehostet, es werden keine Daten an Google \u00fcbermittelt; Rechtsgrundlagen: Berechtigte Interessen (Art. 6 Abs. 1 S. 1 lit. f) DSGVO).Google Fonts (Bezug vom Google Server): Bezug von Schriften (und Symbolen) zum Zwecke einer technisch sicheren, wartungsfreien und effizienten Nutzung von Schriften und Symbolen im Hinblick auf Aktualit\u00e4t und Ladezeiten, deren einheitliche Darstellung und Ber\u00fccksichtigung m\u00f6glicher lizenzrechtlicher Beschr\u00e4nkungen. Dem Anbieter der Schriftarten wird die IP-Adresse des Nutzers mitgeteilt, damit die Schriftarten im Browser des Nutzers zur Verf\u00fcgung gestellt werden k\u00f6nnen. Dar\u00fcber hinaus werden technische Daten (Spracheinstellungen, Bildschirmaufl\u00f6sung, Betriebssystem, verwendete Hardware) \u00fcbermittelt, die f\u00fcr die Bereitstellung der Schriften in Abh\u00e4ngigkeit von den verwendeten Ger\u00e4ten und der technischen Umgebung notwendig sind. Diese Daten k\u00f6nnen auf einem Server des Anbieters der Schriftarten in den USA verarbeitet werden &#8211; Beim Besuch unseres Onlineangebotes senden die Browser der Nutzer ihre Browser HTTP-Anfragen an die Google Fonts Web API (d.&nbsp;h. eine Softwareschnittstelle f\u00fcr den Abruf der Schriftarten). Die Google Fonts Web API stellt den Nutzern die Cascading Style Sheets (CSS) von Google Fonts und danach die in der CCS angegebenen Schriftarten zur Verf\u00fcgung. Zu diesen HTTP-Anfragen geh\u00f6ren (1) die vom jeweiligen Nutzer f\u00fcr den Zugriff auf das Internet verwendete IP-Adresse, (2) die angeforderte URL auf dem Google-Server und (3) die HTTP-Header, einschlie\u00dflich des User-Agents, der die Browser- und Betriebssystemversionen der Websitebesucher beschreibt, sowie die Verweis-URL (d.&nbsp;h. die Webseite, auf der die Google-Schriftart angezeigt werden soll). IP-Adressen werden weder auf Google-Servern protokolliert noch gespeichert und sie werden nicht analysiert. Die Google Fonts Web API protokolliert Details der HTTP-Anfragen (angeforderte URL, User-Agent und Verweis-URL). Der Zugriff auf diese Daten ist eingeschr\u00e4nkt und streng kontrolliert. Die angeforderte URL identifiziert die Schriftfamilien, f\u00fcr die der Nutzer Schriftarten laden m\u00f6chte. Diese Daten werden protokolliert, damit Google bestimmen kann, wie oft eine bestimmte Schriftfamilie angefordert wird. Bei der Google Fonts Web API muss der User-Agent die Schriftart anpassen, die f\u00fcr den jeweiligen Browsertyp generiert wird. Der User-Agent wird in erster Linie zum Debugging protokolliert und verwendet, um aggregierte Nutzungsstatistiken zu generieren, mit denen die Beliebtheit von Schriftfamilien gemessen wird. Diese zusammengefassten Nutzungsstatistiken werden auf der Seite \u201eAnalysen&#8221; von Google Fonts ver\u00f6ffentlicht. Schlie\u00dflich wird die Verweis-URL protokolliert, sodass die Daten f\u00fcr die Wartung der Produktion verwendet und ein aggregierter Bericht zu den Top-Integrationen basierend auf der Anzahl der Schriftartenanfragen generiert werden kann. Google verwendet laut eigener Auskunft keine der von Google Fonts erfassten Informationen, um Profile von Endnutzern zu erstellen oder zielgerichtete Anzeigen zu schalten; Dienstanbieter: Google Ireland Limited, Gordon House, Barrow Street, Dublin 4, Irland; Rechtsgrundlagen: Berechtigte Interessen (Art. 6 Abs. 1 S. 1 lit. f) DSGVO); Website: https:\/\/fonts.google.com\/; Datenschutzerkl\u00e4rung: https:\/\/policies.google.com\/privacy; Grundlage Drittlandtransfers: Data Privacy Framework (DPF). Weitere Informationen: https:\/\/developers.google.com\/fonts\/faq\/privacy?hl=de.<\/p>\n\n\n\n<p>Erstellt mit kostenlosem Datenschutz-Generator.de von Dr. Thomas Schwenke<\/p>\n","protected":false},"excerpt":{"rendered":"<p>Stand: 18. Mai 2024 Inhalts\u00fcbersicht Verantwortlicher\u00dcbersicht der VerarbeitungenMa\u00dfgebliche RechtsgrundlagenPlug-ins und eingebettete Funktionen sowie InhalteVerantwortlicher Tessa TrautweinIm Feld 34, 4644 Scharnstein E-Mail-Adresse: tessa.trautwein@outlook.com \u00dcbersicht der Verarbeitungen Die nachfolgende \u00dcbersicht fasst die Arten der verarbeiteten Daten und die Zwecke ihrer Verarbeitung zusammen und verweist auf die betroffenen Personen. Arten der verarbeiteten Daten Besch\u00e4ftigtendaten.Nutzungsdaten.Meta-, Kommunikations- und Verfahrensdaten.Kategorien betroffener [&hellip;]<\/p>\n","protected":false},"author":1,"featured_media":0,"parent":0,"menu_order":0,"comment_status":"closed","ping_status":"closed","template":"","meta":{"_eb_attr":"","footnotes":""},"class_list":["post-43","page","type-page","status-publish","hentry"],"_links":{"self":[{"href":"https:\/\/trautwein-tessa.web.kslinz.at\/trautweint2024\/index.php\/wp-json\/wp\/v2\/pages\/43","targetHints":{"allow":["GET"]}}],"collection":[{"href":"https:\/\/trautwein-tessa.web.kslinz.at\/trautweint2024\/index.php\/wp-json\/wp\/v2\/pages"}],"about":[{"href":"https:\/\/trautwein-tessa.web.kslinz.at\/trautweint2024\/index.php\/wp-json\/wp\/v2\/types\/page"}],"author":[{"embeddable":true,"href":"https:\/\/trautwein-tessa.web.kslinz.at\/trautweint2024\/index.php\/wp-json\/wp\/v2\/users\/1"}],"replies":[{"embeddable":true,"href":"https:\/\/trautwein-tessa.web.kslinz.at\/trautweint2024\/index.php\/wp-json\/wp\/v2\/comments?post=43"}],"version-history":[{"count":3,"href":"https:\/\/trautwein-tessa.web.kslinz.at\/trautweint2024\/index.php\/wp-json\/wp\/v2\/pages\/43\/revisions"}],"predecessor-version":[{"id":319,"href":"https:\/\/trautwein-tessa.web.kslinz.at\/trautweint2024\/index.php\/wp-json\/wp\/v2\/pages\/43\/revisions\/319"}],"wp:attachment":[{"href":"https:\/\/trautwein-tessa.web.kslinz.at\/trautweint2024\/index.php\/wp-json\/wp\/v2\/media?parent=43"}],"curies":[{"name":"wp","href":"https:\/\/api.w.org\/{rel}","templated":true}]}}